{"id":2104,"date":"2026-04-09T09:40:10","date_gmt":"2026-04-09T08:40:10","guid":{"rendered":"https:\/\/amit-automation.cz\/?page_id=2104"},"modified":"2026-04-09T09:52:51","modified_gmt":"2026-04-09T08:52:51","slug":"katalogy-letaky","status":"publish","type":"page","link":"https:\/\/amit-automation.cz\/en\/katalogy-letaky\/","title":{"rendered":"Katalogy\/let\u00e1ky"},"content":{"rendered":"<section class=\"bde-section-2104-100 bde-section\">\n  \n  \n\t\n\n\n\n<div class=\"section-container\"><div class=\"bde-columns-2104-101 bde-columns\"><div class=\"bde-column-2104-102 bde-column\">\n  \n  \n\t\n\n\n\n<div class=\"bde-image-hover-card-2104-106 bde-image-hover-card\">\n           \n            \n            \n\n    \n    \n    \n    \n    \n    <a class=\"breakdance-link\" href=\"https:\/\/amit-automation.cz\/wp-content\/uploads\/amr-op75_pl_en_103_tisk-1.pdf\" target=\"_self\" data-type=\"url\"  >\n\n<figure class=\"ee-imagehover c4-izmir c4-border-bottom c4-image-pan-down\">\n    <img loading=\"lazy\" decoding=\"async\" class=\"breakdance-image-object\" src=\"https:\/\/amit-automation.cz\/wp-content\/uploads\/amrop75-300x300.jpg\" width=\"300\" height=\"300\" srcset=\"https:\/\/amit-automation.cz\/wp-content\/uploads\/amrop75.jpg 520w, https:\/\/amit-automation.cz\/wp-content\/uploads\/amrop75-300x300.jpg 300w, https:\/\/amit-automation.cz\/wp-content\/uploads\/amrop75-150x150.jpg 150w, https:\/\/amit-automation.cz\/wp-content\/uploads\/amrop75-12x12.jpg 12w\" sizes=\"auto, (max-width: 520px) 100vw, 520px\">\n  <figcaption class=\"c4-layout-center-center\">\n                <div class=\"c4-reveal-right c4-delay-200\">\n              <h4 class=\"ee-imagehover-title\">AMR-OP75<\/h4>\n      <\/div>\n                <div class=\"c4-reveal-right c4-delay-400\">\n              <h4 class=\"ee-imagehover-title\">Download<\/h4>\n      <\/div>\n      <\/figcaption>\n<\/figure>\n      <\/a>\n\n<\/div>\n<\/div><div class=\"bde-column-2104-103 bde-column\">\n  \n  \n\t\n\n\n\n<div class=\"bde-image-hover-card-2104-107 bde-image-hover-card\">\n           \n            \n            \n\n    \n    \n    \n    \n    \n    <a class=\"breakdance-link\" href=\"https:\/\/amit-automation.cz\/wp-content\/uploads\/adis4_pl_cz_102.pdf\" target=\"_self\" data-type=\"url\"  >\n\n<figure class=\"ee-imagehover c4-izmir c4-border-bottom c4-image-pan-down\">\n    <img loading=\"lazy\" decoding=\"async\" class=\"breakdance-image-object\" src=\"https:\/\/amit-automation.cz\/wp-content\/uploads\/adis4-300x300.jpg\" width=\"300\" height=\"300\" srcset=\"https:\/\/amit-automation.cz\/wp-content\/uploads\/adis4.jpg 520w, https:\/\/amit-automation.cz\/wp-content\/uploads\/adis4-300x300.jpg 300w, https:\/\/amit-automation.cz\/wp-content\/uploads\/adis4-150x150.jpg 150w, https:\/\/amit-automation.cz\/wp-content\/uploads\/adis4-12x12.jpg 12w\" sizes=\"auto, (max-width: 520px) 100vw, 520px\">\n  <figcaption class=\"c4-layout-center-center\">\n                <div class=\"c4-reveal-right c4-delay-200\">\n              <h4 class=\"ee-imagehover-title\">ADiS4<\/h4>\n      <\/div>\n                <div class=\"c4-reveal-right c4-delay-400\">\n              <h4 class=\"ee-imagehover-title\">Download<\/h4>\n      <\/div>\n      <\/figcaption>\n<\/figure>\n      <\/a>\n\n<\/div>\n<\/div><div class=\"bde-column-2104-104 bde-column\">\n  \n  \n\t\n\n\n\n<div class=\"bde-image-hover-card-2104-108 bde-image-hover-card\">\n           \n            \n            \n\n    \n    \n    \n    \n    \n    <a class=\"breakdance-link\" href=\"https:\/\/amit-automation.cz\/wp-content\/uploads\/anp-50_pl_cz_102.pdf\" target=\"_self\" data-type=\"url\"  >\n\n<figure class=\"ee-imagehover c4-izmir c4-border-bottom c4-image-pan-down\">\n    <img loading=\"lazy\" decoding=\"async\" class=\"breakdance-image-object\" src=\"https:\/\/amit-automation.cz\/wp-content\/uploads\/anp50-300x300.jpg\" width=\"300\" height=\"300\" srcset=\"https:\/\/amit-automation.cz\/wp-content\/uploads\/anp50.jpg 520w, https:\/\/amit-automation.cz\/wp-content\/uploads\/anp50-300x300.jpg 300w, https:\/\/amit-automation.cz\/wp-content\/uploads\/anp50-150x150.jpg 150w, https:\/\/amit-automation.cz\/wp-content\/uploads\/anp50-12x12.jpg 12w\" sizes=\"auto, (max-width: 520px) 100vw, 520px\">\n  <figcaption class=\"c4-layout-center-center\">\n                <div class=\"c4-reveal-right c4-delay-200\">\n              <h4 class=\"ee-imagehover-title\">NetPanel ANP-50<\/h4>\n      <\/div>\n                <div class=\"c4-reveal-right c4-delay-400\">\n              <h4 class=\"ee-imagehover-title\">Download<\/h4>\n      <\/div>\n      <\/figcaption>\n<\/figure>\n      <\/a>\n\n<\/div>\n<\/div><div class=\"bde-column-2104-105 bde-column\">\n  \n  \n\t\n\n\n\n<div class=\"bde-image-hover-card-2104-109 bde-image-hover-card\">\n           \n            \n            \n\n    \n    \n    \n    \n    \n    <a class=\"breakdance-link\" href=\"https:\/\/amit-automation.cz\/wp-content\/uploads\/arc-opxx_pl_cz_100.pdf\" target=\"_self\" data-type=\"url\"  >\n\n<figure class=\"ee-imagehover c4-izmir c4-border-bottom c4-image-pan-down\">\n    <img loading=\"lazy\" decoding=\"async\" class=\"breakdance-image-object\" src=\"https:\/\/amit-automation.cz\/wp-content\/uploads\/arc-OPx-300x300.jpg\" width=\"300\" height=\"300\" srcset=\"https:\/\/amit-automation.cz\/wp-content\/uploads\/arc-OPx.jpg 520w, https:\/\/amit-automation.cz\/wp-content\/uploads\/arc-OPx-300x300.jpg 300w, https:\/\/amit-automation.cz\/wp-content\/uploads\/arc-OPx-150x150.jpg 150w, https:\/\/amit-automation.cz\/wp-content\/uploads\/arc-OPx-12x12.jpg 12w\" sizes=\"auto, (max-width: 520px) 100vw, 520px\">\n  <figcaption class=\"c4-layout-center-center\">\n                <div class=\"c4-reveal-right c4-delay-200\">\n              <h4 class=\"ee-imagehover-title\">ARC-OPxx<\/h4>\n      <\/div>\n                <div class=\"c4-reveal-right c4-delay-400\">\n              <h4 class=\"ee-imagehover-title\">Download<\/h4>\n      <\/div>\n      <\/figcaption>\n<\/figure>\n      <\/a>\n\n<\/div>\n<\/div><\/div><\/div>\n<\/section><section class=\"bde-section-2104-110 bde-section\">\n  \n  \n\t\n\n\n\n<div class=\"section-container\"><div class=\"bde-columns-2104-111 bde-columns\"><div class=\"bde-column-2104-112 bde-column\">\n  \n  \n\t\n\n\n\n<div class=\"bde-image-hover-card-2104-113 bde-image-hover-card\">\n           \n            \n            \n\n    \n    \n    \n    \n    \n    <a class=\"breakdance-link\" href=\"https:\/\/amit-automation.cz\/wp-content\/uploads\/starterkit_pl_cz_100.pdf\" target=\"_self\" data-type=\"url\"  >\n\n<figure class=\"ee-imagehover c4-izmir c4-border-bottom c4-image-pan-down\">\n    <img loading=\"lazy\" decoding=\"async\" class=\"breakdance-image-object\" src=\"https:\/\/amit-automation.cz\/wp-content\/uploads\/STARTER-300x300.jpg\" width=\"300\" height=\"300\" srcset=\"https:\/\/amit-automation.cz\/wp-content\/uploads\/STARTER.jpg 520w, https:\/\/amit-automation.cz\/wp-content\/uploads\/STARTER-300x300.jpg 300w, https:\/\/amit-automation.cz\/wp-content\/uploads\/STARTER-150x150.jpg 150w, https:\/\/amit-automation.cz\/wp-content\/uploads\/STARTER-12x12.jpg 12w\" sizes=\"auto, (max-width: 520px) 100vw, 520px\">\n  <figcaption class=\"c4-layout-center-center\">\n                <div class=\"c4-reveal-right c4-delay-200\">\n              <h4 class=\"ee-imagehover-title\">STARTER KIT<\/h4>\n      <\/div>\n                <div class=\"c4-reveal-right c4-delay-400\">\n              <h4 class=\"ee-imagehover-title\">Download<\/h4>\n      <\/div>\n      <\/figcaption>\n<\/figure>\n      <\/a>\n\n<\/div>\n<\/div><div class=\"bde-column-2104-114 bde-column\">\n  \n  \n\t\n\n\n\n<div class=\"bde-image-hover-card-2104-120 bde-image-hover-card\">\n           \n            \n            \n\n    \n    \n    \n    \n    \n    <a class=\"breakdance-link\" href=\"https:\/\/amit-automation.cz\/wp-content\/uploads\/datadock_pl_cz_102.pdf\" target=\"_self\" data-type=\"url\"  >\n\n<figure class=\"ee-imagehover c4-izmir c4-border-bottom c4-image-pan-down\">\n    <img loading=\"lazy\" decoding=\"async\" class=\"breakdance-image-object\" src=\"https:\/\/amit-automation.cz\/wp-content\/uploads\/datadock-300x300.jpg\" width=\"300\" height=\"300\" srcset=\"https:\/\/amit-automation.cz\/wp-content\/uploads\/datadock.jpg 520w, https:\/\/amit-automation.cz\/wp-content\/uploads\/datadock-300x300.jpg 300w, https:\/\/amit-automation.cz\/wp-content\/uploads\/datadock-150x150.jpg 150w, https:\/\/amit-automation.cz\/wp-content\/uploads\/datadock-12x12.jpg 12w\" sizes=\"auto, (max-width: 520px) 100vw, 520px\">\n  <figcaption class=\"c4-layout-center-center\">\n                <div class=\"c4-reveal-right c4-delay-200\">\n              <h4 class=\"ee-imagehover-title\">DATADOCK<\/h4>\n      <\/div>\n                <div class=\"c4-reveal-right c4-delay-400\">\n              <h4 class=\"ee-imagehover-title\">Download<\/h4>\n      <\/div>\n      <\/figcaption>\n<\/figure>\n      <\/a>\n\n<\/div>\n<\/div><div class=\"bde-column-2104-116 bde-column\">\n  \n  \n\t\n\n\n\n<div class=\"bde-image-hover-card-2104-121 bde-image-hover-card\">\n           \n            \n            \n\n    \n    \n    \n    \n    \n    <a class=\"breakdance-link\" href=\"https:\/\/amit-automation.cz\/wp-content\/uploads\/katalog_en_102.pdf\" target=\"_self\" data-type=\"url\"  >\n\n<figure class=\"ee-imagehover c4-izmir c4-border-bottom c4-image-pan-down\">\n    <img loading=\"lazy\" decoding=\"async\" class=\"breakdance-image-object\" src=\"https:\/\/amit-automation.cz\/wp-content\/uploads\/KATALOG-300x300.jpg\" width=\"300\" height=\"300\" srcset=\"https:\/\/amit-automation.cz\/wp-content\/uploads\/KATALOG.jpg 520w, https:\/\/amit-automation.cz\/wp-content\/uploads\/KATALOG-300x300.jpg 300w, https:\/\/amit-automation.cz\/wp-content\/uploads\/KATALOG-150x150.jpg 150w, https:\/\/amit-automation.cz\/wp-content\/uploads\/KATALOG-12x12.jpg 12w\" sizes=\"auto, (max-width: 520px) 100vw, 520px\">\n  <figcaption class=\"c4-layout-center-center\">\n                <div class=\"c4-reveal-right c4-delay-200\">\n              <h4 class=\"ee-imagehover-title\">KATALOG 2026<\/h4>\n      <\/div>\n                <div class=\"c4-reveal-right c4-delay-400\">\n              <h4 class=\"ee-imagehover-title\">Download<\/h4>\n      <\/div>\n      <\/figcaption>\n<\/figure>\n      <\/a>\n\n<\/div>\n<\/div><div class=\"bde-column-2104-118 bde-column\">\n  \n  \n\t\n\n\n\n\n<\/div><\/div><\/div>\n<\/section>","protected":false},"excerpt":{"rendered":"<p>AMR-OP75 Let\u00e1k ke sta\u017een\u00ed ADiS4 Let\u00e1k ke sta\u017een\u00ed NetPanel ANP-50 Let\u00e1k ke sta\u017een\u00ed ARC-OPxx Let\u00e1k ke sta\u017een\u00ed STARTER KIT Let\u00e1k ke sta\u017een\u00ed DATADOCK Let\u00e1k ke sta\u017een\u00ed KATALOG 2026 Let\u00e1k ke sta\u017een\u00ed<\/p>","protected":false},"author":2,"featured_media":0,"parent":0,"menu_order":0,"comment_status":"closed","ping_status":"closed","template":"","meta":{"_acf_changed":false,"_breakdance_hide_in_design_set":false,"_breakdance_tags":"","footnotes":""},"class_list":["post-2104","page","type-page","status-publish","hentry"],"acf":[],"_links":{"self":[{"href":"https:\/\/amit-automation.cz\/en\/wp-json\/wp\/v2\/pages\/2104","targetHints":{"allow":["GET"]}}],"collection":[{"href":"https:\/\/amit-automation.cz\/en\/wp-json\/wp\/v2\/pages"}],"about":[{"href":"https:\/\/amit-automation.cz\/en\/wp-json\/wp\/v2\/types\/page"}],"author":[{"embeddable":true,"href":"https:\/\/amit-automation.cz\/en\/wp-json\/wp\/v2\/users\/2"}],"replies":[{"embeddable":true,"href":"https:\/\/amit-automation.cz\/en\/wp-json\/wp\/v2\/comments?post=2104"}],"version-history":[{"count":7,"href":"https:\/\/amit-automation.cz\/en\/wp-json\/wp\/v2\/pages\/2104\/revisions"}],"predecessor-version":[{"id":2141,"href":"https:\/\/amit-automation.cz\/en\/wp-json\/wp\/v2\/pages\/2104\/revisions\/2141"}],"wp:attachment":[{"href":"https:\/\/amit-automation.cz\/en\/wp-json\/wp\/v2\/media?parent=2104"}],"curies":[{"name":"wp","href":"https:\/\/api.w.org\/{rel}","templated":true}]}}